{"id":206,"date":"2026-04-15T08:12:11","date_gmt":"2026-04-15T14:12:11","guid":{"rendered":"https:\/\/anapo.unph.edu.hn\/?page_id=206"},"modified":"2026-04-15T10:37:26","modified_gmt":"2026-04-15T16:37:26","slug":"vision-y-mision","status":"publish","type":"page","link":"https:\/\/anapo.unph.edu.hn\/?page_id=206","title":{"rendered":"Visi\u00f3n y Misi\u00f3n"},"content":{"rendered":"\n<h1 class=\"wp-block-heading has-text-align-center\"><a>Visi\u00f3n<\/a><\/h1>\n\n\n\n<p class=\"has-text-align-center\">Ser un centro de estudios de&nbsp;la Direcci\u00f3n Nacional de Educaci\u00f3n Policial&nbsp;que cumpla de forma integral con todos los est\u00e1ndares acad\u00e9micos, en la formaci\u00f3n de los futuros oficiales de polic\u00eda, acorde a los lineamientos de la educaci\u00f3n superior, a la doctrina institucional y a las exigencias de la sociedad hondure\u00f1a, logrando con ello un prestigio nacional e internacional.<\/p>\n\n\n\n<h1 class=\"wp-block-heading has-text-align-center\"><a>Misi\u00f3n<\/a><\/h1>\n\n\n\n<p class=\"has-text-align-center\">La&nbsp;Academia Nacional de Polic\u00eda&nbsp;\u201cGeneral Jos\u00e9 Trinidad Caba\u00f1as\u201c, como&nbsp;Facultad de Ciencias Sociales y Derecho de la Universidad Nacional de la Polic\u00eda de Honduras, es la responsable de la formaci\u00f3n espec\u00edfica e integral de los futuros Oficiales de Polic\u00eda, dotando a \u00e9stos de los conocimientos t\u00e9cnicos, cient\u00edficos de las Ciencias Policiales y la Investigaci\u00f3n Criminal, que les permita adquirir las competencias, destrezas y valores necesarios para desempe\u00f1arse con solvencia y capacidad profesional en las distintas Direcciones de la Polic\u00eda Nacional, en respuesta a las exigencias de la sociedad hondure\u00f1a.<\/p>\n","protected":false},"excerpt":{"rendered":"<p>Visi\u00f3n Ser un centro de estudios de&nbsp;la Direcci\u00f3n Nacional de Educaci\u00f3n Policial&nbsp;que cumpla de forma integral con todos los est\u00e1ndares acad\u00e9micos, en la formaci\u00f3n de los futuros oficiales de polic\u00eda, acorde a los lineamientos de la educaci\u00f3n superior, a la doctrina institucional y a las exigencias de la sociedad hondure\u00f1a, logrando con ello un prestigio [&hellip;]<\/p>\n","protected":false},"author":4,"featured_media":0,"parent":0,"menu_order":0,"comment_status":"closed","ping_status":"closed","template":"","meta":{"footnotes":""},"class_list":["post-206","page","type-page","status-publish","hentry"],"_links":{"self":[{"href":"https:\/\/anapo.unph.edu.hn\/index.php?rest_route=\/wp\/v2\/pages\/206","targetHints":{"allow":["GET"]}}],"collection":[{"href":"https:\/\/anapo.unph.edu.hn\/index.php?rest_route=\/wp\/v2\/pages"}],"about":[{"href":"https:\/\/anapo.unph.edu.hn\/index.php?rest_route=\/wp\/v2\/types\/page"}],"author":[{"embeddable":true,"href":"https:\/\/anapo.unph.edu.hn\/index.php?rest_route=\/wp\/v2\/users\/4"}],"replies":[{"embeddable":true,"href":"https:\/\/anapo.unph.edu.hn\/index.php?rest_route=%2Fwp%2Fv2%2Fcomments&post=206"}],"version-history":[{"count":4,"href":"https:\/\/anapo.unph.edu.hn\/index.php?rest_route=\/wp\/v2\/pages\/206\/revisions"}],"predecessor-version":[{"id":233,"href":"https:\/\/anapo.unph.edu.hn\/index.php?rest_route=\/wp\/v2\/pages\/206\/revisions\/233"}],"wp:attachment":[{"href":"https:\/\/anapo.unph.edu.hn\/index.php?rest_route=%2Fwp%2Fv2%2Fmedia&parent=206"}],"curies":[{"name":"wp","href":"https:\/\/api.w.org\/{rel}","templated":true}]}}